{"id":861,"date":"2014-07-04T17:38:12","date_gmt":"2014-07-04T17:38:12","guid":{"rendered":"http:\/\/afpq03.ca\/?page_id=861"},"modified":"2014-07-09T17:12:41","modified_gmt":"2014-07-09T17:12:41","slug":"cartographie-2","status":"publish","type":"page","link":"http:\/\/afpq03.ca\/?page_id=861","title":{"rendered":"CARTOGRAPHIE"},"content":{"rendered":"<h3 class=\"widget-title\">Limites administratives et infrastructures<\/h3>\n<p><a href=\"http:\/\/afpq03.ca\/wp-content\/uploads\/2014\/07\/pr\u00e9sentation-territoire-final.jpg\"><img decoding=\"async\" src=\"http:\/\/afpq03.ca\/wp-content\/uploads\/2014\/07\/pr\u00e9sentation-territoire-final.jpg\" \/><\/a><a href=\"http:\/\/afpq03.ca\/wp-content\/uploads\/2014\/07\/Mode-de-tenure-du-territoire-final.jpg\"><img decoding=\"async\" src=\"http:\/\/afpq03.ca\/wp-content\/uploads\/2014\/07\/Mode-de-tenure-du-territoire-final.jpg\" \/><\/a><a href=\"http:\/\/afpq03.ca\/wp-content\/uploads\/2014\/07\/1.jpg\"><img decoding=\"async\" src=\"http:\/\/afpq03.ca\/wp-content\/uploads\/2014\/07\/1.jpg\" \/><\/a><a href=\"http:\/\/afpq03.ca\/wp-content\/uploads\/2014\/07\/Principales-infrastructures.jpg\"><img decoding=\"async\" src=\"http:\/\/afpq03.ca\/wp-content\/uploads\/2014\/07\/Principales-infrastructures.jpg\" \/><\/a><\/p>\n<h3 class=\"widget-title\">Portrait biophysique<\/h3>\n<p><a href=\"http:\/\/afpq03.ca\/wp-content\/uploads\/2014\/07\/unit\u00e9s-homog\u00e8nes-v\u00e9g\u00e9tation-final.jpg\"><img decoding=\"async\" src=\"http:\/\/afpq03.ca\/wp-content\/uploads\/2014\/07\/unit\u00e9s-homog\u00e8nes-v\u00e9g\u00e9tation-final.jpg\" \/><\/a><a href=\"http:\/\/afpq03.ca\/wp-content\/uploads\/2014\/07\/Provinces-naturelles-final.jpg\"><img decoding=\"async\" src=\"http:\/\/afpq03.ca\/wp-content\/uploads\/2014\/07\/Provinces-naturelles-final.jpg\" \/><\/a><a href=\"http:\/\/afpq03.ca\/wp-content\/uploads\/2014\/07\/bassins-versants-final.jpg\"><img decoding=\"async\" src=\"http:\/\/afpq03.ca\/wp-content\/uploads\/2014\/07\/bassins-versants-final.jpg\" \/><\/a><a href=\"http:\/\/afpq03.ca\/wp-content\/uploads\/2014\/07\/D\u00e9pots-de-surface-final.jpg\"><img decoding=\"async\" src=\"http:\/\/afpq03.ca\/wp-content\/uploads\/2014\/07\/D\u00e9pots-de-surface-final.jpg\" \/><\/a><a href=\"http:\/\/afpq03.ca\/wp-content\/uploads\/2014\/07\/Types-de-Couverts-final.jpg\"><img decoding=\"async\" src=\"http:\/\/afpq03.ca\/wp-content\/uploads\/2014\/07\/Types-de-Couverts-final.jpg\" \/><\/a><img decoding=\"async\" src=\"\" \/>&nbsp;&nbsp;<\/p>\n<h3 class=\"widget-title\">Potentiels de croissance et de production<\/h3>\n<p><a href=\"http:\/\/afpq03.ca\/wp-content\/uploads\/2014\/07\/Types-de-zonage-final.jpg\"><img decoding=\"async\" src=\"http:\/\/afpq03.ca\/wp-content\/uploads\/2014\/07\/Types-de-zonage-final.jpg\" \/><\/a><a href=\"http:\/\/afpq03.ca\/wp-content\/uploads\/2014\/07\/Types-de-terrain-final.jpg\"><img decoding=\"async\" src=\"http:\/\/afpq03.ca\/wp-content\/uploads\/2014\/07\/Types-de-terrain-final.jpg\" \/><\/a><a href=\"http:\/\/afpq03.ca\/wp-content\/uploads\/2014\/07\/Ratio-volume-municipalit\u00e9s.jpg\"><img decoding=\"async\" src=\"http:\/\/afpq03.ca\/wp-content\/uploads\/2014\/07\/Ratio-volume-municipalit\u00e9s.jpg\" \/><\/a><a href=\"http:\/\/afpq03.ca\/wp-content\/uploads\/2014\/07\/Travaux-sylvicoles-cartographi\u00e9s-final.jpg\"><img decoding=\"async\" src=\"http:\/\/afpq03.ca\/wp-content\/uploads\/2014\/07\/Travaux-sylvicoles-cartographi\u00e9s-final.jpg\" \/><\/a><a href=\"http:\/\/afpq03.ca\/wp-content\/uploads\/2014\/07\/Potentiel-ac\u00e9ricole-et-type-de-zonage.jpg\"><img decoding=\"async\" src=\"http:\/\/afpq03.ca\/wp-content\/uploads\/2014\/07\/Potentiel-ac\u00e9ricole-et-type-de-zonage.jpg\" \/><\/a><a href=\"http:\/\/afpq03.ca\/wp-content\/uploads\/2014\/07\/Localisation-des-terres-en-friche-final.jpg\"><img decoding=\"async\" src=\"http:\/\/afpq03.ca\/wp-content\/uploads\/2014\/07\/Localisation-des-terres-en-friche-final.jpg\" \/><\/a><a href=\"http:\/\/afpq03.ca\/wp-content\/uploads\/2014\/07\/Affectation-foresti\u00e8re-UH-OFFt.jpg\"><img decoding=\"async\" src=\"http:\/\/afpq03.ca\/wp-content\/uploads\/2014\/07\/Affectation-foresti\u00e8re-UH-OFFt.jpg\" \/><\/a><a href=\"http:\/\/afpq03.ca\/wp-content\/uploads\/2014\/07\/Affectation-foresti\u00e8re-UH-MOJt.jpg\"><img decoding=\"async\" src=\"http:\/\/afpq03.ca\/wp-content\/uploads\/2014\/07\/Affectation-foresti\u00e8re-UH-MOJt.jpg\" \/><\/a><a href=\"http:\/\/afpq03.ca\/wp-content\/uploads\/2014\/07\/Affectation-foresti\u00e8re-UH-MESt.jpg\"><img decoding=\"async\" src=\"http:\/\/afpq03.ca\/wp-content\/uploads\/2014\/07\/Affectation-foresti\u00e8re-UH-MESt.jpg\" \/><\/a><a href=\"http:\/\/afpq03.ca\/wp-content\/uploads\/2014\/07\/Affectation-foresti\u00e8re-UH-MEJt.jpg\"><img decoding=\"async\" src=\"http:\/\/afpq03.ca\/wp-content\/uploads\/2014\/07\/Affectation-foresti\u00e8re-UH-MEJt.jpg\" \/><\/a><a href=\"http:\/\/afpq03.ca\/wp-content\/uploads\/2014\/07\/Affectation-foresti\u00e8re-UH-FOJt.jpg\"><img decoding=\"async\" src=\"http:\/\/afpq03.ca\/wp-content\/uploads\/2014\/07\/Affectation-foresti\u00e8re-UH-FOJt.jpg\" \/><\/a><a href=\"http:\/\/afpq03.ca\/wp-content\/uploads\/2014\/07\/Affectation-foresti\u00e8re-ensemble-UH.jpg\"><img decoding=\"async\" src=\"http:\/\/afpq03.ca\/wp-content\/uploads\/2014\/07\/Affectation-foresti\u00e8re-ensemble-UH.jpg\" \/><\/a><\/p>\n<h3 class=\"widget-title\">Aires prot\u00e9g\u00e9es et sites sensibles<\/h3>\n<p><a href=\"http:\/\/afpq03.ca\/wp-content\/uploads\/2014\/07\/Aires-prot\u00e9g\u00e9es-final.jpg\"><img decoding=\"async\" src=\"http:\/\/afpq03.ca\/wp-content\/uploads\/2014\/07\/Aires-prot\u00e9g\u00e9es-final.jpg\" \/><\/a><a href=\"http:\/\/afpq03.ca\/wp-content\/uploads\/2014\/07\/Milieux-sensibles-final.jpg\"><img decoding=\"async\" src=\"http:\/\/afpq03.ca\/wp-content\/uploads\/2014\/07\/Milieux-sensibles-final.jpg\" \/><\/a><a href=\"http:\/\/afpq03.ca\/wp-content\/uploads\/2014\/07\/Vuln\u00e9rabilit\u00e9-\u00e0-la-TBE-final.jpg\"><img decoding=\"async\" src=\"http:\/\/afpq03.ca\/wp-content\/uploads\/2014\/07\/Vuln\u00e9rabilit\u00e9-\u00e0-la-TBE-final.jpg\" \/><\/a>&nbsp;<\/p>\n","protected":false},"excerpt":{"rendered":"<p>Limites administratives et infrastructures Portrait biophysique &nbsp;&nbsp; Potentiels de croissance et de production Aires prot\u00e9g\u00e9es et sites sensibles &nbsp;<\/p>\n","protected":false},"author":2,"featured_media":0,"parent":0,"menu_order":0,"comment_status":"closed","ping_status":"closed","template":"","meta":{"jetpack_post_was_ever_published":false,"footnotes":""},"class_list":["post-861","page","type-page","status-publish","hentry","post"],"jetpack_shortlink":"https:\/\/wp.me\/P4Oj1E-dT","jetpack_sharing_enabled":true,"_links":{"self":[{"href":"http:\/\/afpq03.ca\/index.php?rest_route=\/wp\/v2\/pages\/861","targetHints":{"allow":["GET"]}}],"collection":[{"href":"http:\/\/afpq03.ca\/index.php?rest_route=\/wp\/v2\/pages"}],"about":[{"href":"http:\/\/afpq03.ca\/index.php?rest_route=\/wp\/v2\/types\/page"}],"author":[{"embeddable":true,"href":"http:\/\/afpq03.ca\/index.php?rest_route=\/wp\/v2\/users\/2"}],"replies":[{"embeddable":true,"href":"http:\/\/afpq03.ca\/index.php?rest_route=%2Fwp%2Fv2%2Fcomments&post=861"}],"version-history":[{"count":28,"href":"http:\/\/afpq03.ca\/index.php?rest_route=\/wp\/v2\/pages\/861\/revisions"}],"predecessor-version":[{"id":980,"href":"http:\/\/afpq03.ca\/index.php?rest_route=\/wp\/v2\/pages\/861\/revisions\/980"}],"wp:attachment":[{"href":"http:\/\/afpq03.ca\/index.php?rest_route=%2Fwp%2Fv2%2Fmedia&parent=861"}],"curies":[{"name":"wp","href":"https:\/\/api.w.org\/{rel}","templated":true}]}}