{"id":82,"date":"2014-06-06T17:15:44","date_gmt":"2014-06-06T17:15:44","guid":{"rendered":"http:\/\/afpq03.ca\/?page_id=82"},"modified":"2016-10-11T09:02:44","modified_gmt":"2016-10-11T13:02:44","slug":"document-de-connaissance","status":"publish","type":"page","link":"http:\/\/afpq03.ca\/?page_id=82","title":{"rendered":"DOCUMENT DE CONNAISSANCES"},"content":{"rendered":"<p>Le document de connaissances regroupe les connaissances mises \u00e0 jour du territoire de l\u2019Agence Qu\u00e9bec\u00a003. Son contenu est une version actualis\u00e9e et bonifi\u00e9e du document de connaissance du PPMV r\u00e9alis\u00e9 en 2001. La mise \u00e0 jour ne se limite pas \u00e0 l\u2019actualisation de son contenu. Elle introduit les nouvelles connaissances d\u00e9velopp\u00e9es dans la derni\u00e8re d\u00e9cennie. Les informations pr\u00e9sent\u00e9es int\u00e8grent des principes propos\u00e9s par le nouveau r\u00e9gime forestier qu\u00e9b\u00e9cois. De plus, les valeurs des propri\u00e9taires forestiers et des acteurs r\u00e9gionaux sont int\u00e9gr\u00e9es afin de faciliter l\u2019identification des orientations \u00e0 d\u00e9finir dans le cadre de ce PPMV.<\/p>\n<p><a href=\"http:\/\/afpq03.ca\/wp-content\/uploads\/2014\/09\/doc_connaissances.pdf\" target=\"_blank\">Consultez le document de connaissances ici!<\/a><\/p>\n","protected":false},"excerpt":{"rendered":"<p>Le document de connaissances regroupe les connaissances mises \u00e0 jour du territoire de l\u2019Agence Qu\u00e9bec\u00a003. Son contenu est une version actualis\u00e9e et bonifi\u00e9e du document de connaissance du PPMV r\u00e9alis\u00e9 en 2001. La mise \u00e0 jour ne se limite pas \u00e0 l\u2019actualisation de son contenu. Elle introduit les nouvelles connaissances d\u00e9velopp\u00e9es dans la derni\u00e8re d\u00e9cennie. [&hellip;]<\/p>\n","protected":false},"author":1,"featured_media":0,"parent":27,"menu_order":0,"comment_status":"closed","ping_status":"closed","template":"","meta":{"jetpack_post_was_ever_published":false,"footnotes":""},"class_list":["post-82","page","type-page","status-publish","hentry","post"],"jetpack_shortlink":"https:\/\/wp.me\/P4Oj1E-1k","jetpack_sharing_enabled":true,"_links":{"self":[{"href":"http:\/\/afpq03.ca\/index.php?rest_route=\/wp\/v2\/pages\/82","targetHints":{"allow":["GET"]}}],"collection":[{"href":"http:\/\/afpq03.ca\/index.php?rest_route=\/wp\/v2\/pages"}],"about":[{"href":"http:\/\/afpq03.ca\/index.php?rest_route=\/wp\/v2\/types\/page"}],"author":[{"embeddable":true,"href":"http:\/\/afpq03.ca\/index.php?rest_route=\/wp\/v2\/users\/1"}],"replies":[{"embeddable":true,"href":"http:\/\/afpq03.ca\/index.php?rest_route=%2Fwp%2Fv2%2Fcomments&post=82"}],"version-history":[{"count":13,"href":"http:\/\/afpq03.ca\/index.php?rest_route=\/wp\/v2\/pages\/82\/revisions"}],"predecessor-version":[{"id":1041,"href":"http:\/\/afpq03.ca\/index.php?rest_route=\/wp\/v2\/pages\/82\/revisions\/1041"}],"up":[{"embeddable":true,"href":"http:\/\/afpq03.ca\/index.php?rest_route=\/wp\/v2\/pages\/27"}],"wp:attachment":[{"href":"http:\/\/afpq03.ca\/index.php?rest_route=%2Fwp%2Fv2%2Fmedia&parent=82"}],"curies":[{"name":"wp","href":"https:\/\/api.w.org\/{rel}","templated":true}]}}