{"id":69,"date":"2014-06-06T17:09:18","date_gmt":"2014-06-06T17:09:18","guid":{"rendered":"http:\/\/afpq03.ca\/?page_id=69"},"modified":"2023-03-23T07:48:11","modified_gmt":"2023-03-23T11:48:11","slug":"liste-des-conseillers-forestiers","status":"publish","type":"page","link":"http:\/\/afpq03.ca\/?page_id=69","title":{"rendered":"LISTE DES CONSEILLERS FORESTIERS ACCR\u00c9DIT\u00c9S"},"content":{"rendered":"<table border=\"0\" width=\"100%\" cellspacing=\"0\" cellpadding=\"3\">\n<tbody>\n<tr>\n<td valign=\"top\">La r\u00e9alisation des travaux dans les programmes d&#8217;aide est possible gr\u00e2ce aux services techniques des conseillers forestiers accr\u00e9dit\u00e9s de l&#8217;Agence des for\u00eats priv\u00e9es de Qu\u00e9bec\u00a003 qui sont pr\u00e9sent\u00e9es dans le tableau suivant.Ils sont la porte d&#8217;entr\u00e9e des propri\u00e9taires de bois\u00e9s priv\u00e9s qui veulent b\u00e9n\u00e9ficier des divers programmes d&#8217;aide financi\u00e8re. Ils offrent le soutien technique pour la r\u00e9alisation des travaux sylvicoles et la confection du plan d&#8217;am\u00e9nagement forestier.\n<p>\u00a0<\/p>\n<h2>Groupement forestier de Portneuf inc.<\/h2>\n<table border=\"0\" cellspacing=\"1\" cellpadding=\"1\">\n<tbody>\n<tr>\n<td align=\"right\" valign=\"top\">Adresse :<\/td>\n<td>175, rue Saint-Alexis<br \/>Saint-Raymond (Qu\u00e9bec)\u00a0 G3L 1K9<\/td>\n<\/tr>\n<tr>\n<td align=\"right\">T\u00e9l. :<\/td>\n<td>(418) 337-6700<\/td>\n<\/tr>\n<tr>\n<td align=\"right\">T\u00e9l\u00e9c. :<\/td>\n<td>(418) 337-7090<\/td>\n<\/tr>\n<tr>\n<td align=\"right\">Courriel :<\/td>\n<td><span style=\"text-decoration: underline;\"><span style=\"color: #008000;\"><a href=\"mailto:gfp@gfportneuf.com\"><span style=\"color: #008000; text-decoration: underline;\">gfp@gfportneuf.com<\/span><\/a><\/span><\/span><\/td>\n<\/tr>\n<tr>\n<td align=\"right\" nowrap=\"nowrap\">Territoire :<\/td>\n<td>Portneuf &#8211; MRC Portneuf<\/td>\n<\/tr>\n<\/tbody>\n<\/table>\n<\/td>\n<\/tr>\n<tr>\n<td colspan=\"2\">\u00a0<\/td>\n<\/tr>\n<tr>\n<td valign=\"top\">\n<h2>Groupement forestier de Qu\u00e9bec-Montmorency inc.<\/h2>\n<table style=\"height: 103px;\" border=\"0\" width=\"619\" cellspacing=\"1\" cellpadding=\"1\">\n<tbody>\n<tr>\n<td align=\"right\" valign=\"top\">Adresse :<\/td>\n<td>7118, boulevard Sainte-Anne<br \/>Ch\u00e2teau-Richer (Qu\u00e9bec)\u00a0 G0A 1N0<\/td>\n<\/tr>\n<tr>\n<td align=\"right\">T\u00e9l. :<\/td>\n<td>(418) 824-4431<\/td>\n<\/tr>\n<tr>\n<td align=\"right\">T\u00e9l\u00e9c. :<\/td>\n<td>(418) 824-3538<\/td>\n<\/tr>\n<tr>\n<td align=\"right\">Courriel :<\/td>\n<td><span style=\"text-decoration: underline;\"><span style=\"color: #008000;\"><a href=\"mailto:denismas@total.net\"><span style=\"color: #008000; text-decoration: underline;\">gfqm@videotron.ca<\/span><\/a><\/span><\/span><\/td>\n<\/tr>\n<tr>\n<td align=\"right\" nowrap=\"nowrap\">Territoire :<\/td>\n<td>Qu\u00e9bec-Montmorency &#8211; MRC C\u00f4te de Beaupr\u00e9 &#8211; MRC Ile d&#8217;orl\u00e9ans &#8211; MRC Jacques Cartier &#8211; Ville de Qu\u00e9bec<\/td>\n<\/tr>\n<\/tbody>\n<\/table>\n<\/td>\n<\/tr>\n<tr>\n<td valign=\"top\">\n<h2>Groupement des propri\u00e9taires de bois\u00e9s priv\u00e9s de Charlevoix inc.<\/h2>\n<table border=\"0\" cellspacing=\"1\" cellpadding=\"1\">\n<tbody>\n<tr>\n<td align=\"right\" valign=\"top\">Adresse :<\/td>\n<td>16, route 138<br \/>Saint-Aim\u00e9-des-Lacs (Qu\u00e9bec)\u00a0 G4A 1E9<\/td>\n<\/tr>\n<tr>\n<td align=\"right\">T\u00e9l. :<\/td>\n<td>(418) 439-3588<\/td>\n<\/tr>\n<tr>\n<td align=\"right\">T\u00e9l\u00e9c. :<\/td>\n<td>(418) 439-2352<\/td>\n<\/tr>\n<tr>\n<td align=\"right\">Courriel :<\/td>\n<td><a href=\"mailto:info@groupementforestiercharlevoix.com\"><span style=\"text-decoration: underline;\"><span style=\"color: #008000;\"><span style=\"color: #008000; text-decoration: underline;\">info@groupementforestiercharlevoix.com<\/span><\/span><\/span><\/a><\/td>\n<\/tr>\n<tr>\n<td align=\"right\" nowrap=\"nowrap\">Territoire :<\/td>\n<td>Charlevoix &#8211; MRC Charlevoix &#8211; MRC Charlevoix Est<\/td>\n<\/tr>\n<\/tbody>\n<\/table>\n<\/td>\n<\/tr>\n<tr>\n<td colspan=\"2\">\u00a0<\/td>\n<\/tr>\n<tr>\n<td valign=\"top\">\n<h2>CFRQ inc. &#8211; Conseillers Forestiers de la R\u00e9gion de Qu\u00e9bec inc.<\/h2>\n<table border=\"0\" cellspacing=\"1\" cellpadding=\"1\">\n<tbody>\n<tr>\n<td align=\"right\" valign=\"top\">Adresse :<\/td>\n<td>6021, Boulevard Wilfrid-Hamel, Local 200<br \/>L&#8217;Ancienne-Lorette (Qu\u00e9bec)\u00a0 G2E 2H3<\/td>\n<\/tr>\n<tr>\n<td align=\"right\">T\u00e9l. :<\/td>\n<td>(367) 777-0555<\/td>\n<\/tr>\n<tr>\n<td align=\"right\">T\u00e9l\u00e9c. :<\/td>\n<td>(418) 871-9938<\/td>\n<\/tr>\n<tr>\n<td align=\"right\">Courriel :<\/td>\n<td><span style=\"text-decoration: underline;\"><span style=\"color: #008000;\"><a href=\"mailto:cfrq@cfrq.ca\"><span style=\"color: #008000; text-decoration: underline;\">cfrq@cfrq.ca<\/span><\/a><\/span><\/span><\/td>\n<\/tr>\n<tr>\n<td align=\"right\" nowrap=\"nowrap\">Territoire :<\/td>\n<td>Tout le territoire<\/td>\n<\/tr>\n<\/tbody>\n<\/table>\n<h2><span style=\"color: revert; font-size: revert; font-weight: revert; font-family: inherit;\"><br \/>GESTIBOA inc.<\/span><\/h2>\n<table border=\"0\" cellspacing=\"1\" cellpadding=\"1\">\n<tbody>\n<tr>\n<td align=\"right\" valign=\"top\">Adresse :<\/td>\n<td>200-3125 Flaubert <br \/>Qu\u00e9bec, QC G2E 2J2<\/td>\n<\/tr>\n<tr>\n<td align=\"right\">T\u00e9l. :<\/td>\n<td>(888)-808-4153<\/td>\n<\/tr>\n<tr>\n<td align=\"right\">T\u00e9l\u00e9c. :<\/td>\n<td>n\/a<\/td>\n<\/tr>\n<tr>\n<td align=\"right\">Courriel :<\/td>\n<td><a href=\"mailto:information@gestiboa.ca\"><span style=\"text-decoration: underline;\"><span style=\"color: #008000;\"><span style=\"color: #008000; text-decoration: underline;\">information@gestiboa.ca<\/span><\/span><\/span><\/a><\/td>\n<\/tr>\n<tr>\n<td align=\"right\" nowrap=\"nowrap\">Territoire :<\/td>\n<td>Portneuf &#8211; MRC Portneuf &#8211; \u00a0Charlevoix &#8211; MRC Charlevoix &#8211; MRC Charlevoix Est<\/td>\n<\/tr>\n<\/tbody>\n<\/table>\n<\/td>\n<td valign=\"top\">\u00a0<\/td>\n<\/tr>\n<\/tbody>\n<\/table>\n\n\n<p><\/p>\n","protected":false},"excerpt":{"rendered":"<p>La r\u00e9alisation des travaux dans les programmes d&#8217;aide est possible gr\u00e2ce aux services techniques des conseillers forestiers accr\u00e9dit\u00e9s de l&#8217;Agence des for\u00eats priv\u00e9es de Qu\u00e9bec\u00a003 qui sont pr\u00e9sent\u00e9es dans le tableau suivant.Ils sont la porte d&#8217;entr\u00e9e des propri\u00e9taires de bois\u00e9s priv\u00e9s qui veulent b\u00e9n\u00e9ficier des divers programmes d&#8217;aide financi\u00e8re. Ils offrent le soutien technique pour [&hellip;]<\/p>\n","protected":false},"author":1,"featured_media":0,"parent":25,"menu_order":0,"comment_status":"closed","ping_status":"closed","template":"","meta":{"jetpack_post_was_ever_published":false,"footnotes":""},"class_list":["post-69","page","type-page","status-publish","hentry","post"],"jetpack_shortlink":"https:\/\/wp.me\/P4Oj1E-17","jetpack_sharing_enabled":true,"_links":{"self":[{"href":"http:\/\/afpq03.ca\/index.php?rest_route=\/wp\/v2\/pages\/69","targetHints":{"allow":["GET"]}}],"collection":[{"href":"http:\/\/afpq03.ca\/index.php?rest_route=\/wp\/v2\/pages"}],"about":[{"href":"http:\/\/afpq03.ca\/index.php?rest_route=\/wp\/v2\/types\/page"}],"author":[{"embeddable":true,"href":"http:\/\/afpq03.ca\/index.php?rest_route=\/wp\/v2\/users\/1"}],"replies":[{"embeddable":true,"href":"http:\/\/afpq03.ca\/index.php?rest_route=%2Fwp%2Fv2%2Fcomments&post=69"}],"version-history":[{"count":25,"href":"http:\/\/afpq03.ca\/index.php?rest_route=\/wp\/v2\/pages\/69\/revisions"}],"predecessor-version":[{"id":1581,"href":"http:\/\/afpq03.ca\/index.php?rest_route=\/wp\/v2\/pages\/69\/revisions\/1581"}],"up":[{"embeddable":true,"href":"http:\/\/afpq03.ca\/index.php?rest_route=\/wp\/v2\/pages\/25"}],"wp:attachment":[{"href":"http:\/\/afpq03.ca\/index.php?rest_route=%2Fwp%2Fv2%2Fmedia&parent=69"}],"curies":[{"name":"wp","href":"https:\/\/api.w.org\/{rel}","templated":true}]}}