{"id":50,"date":"2014-06-06T14:20:22","date_gmt":"2014-06-06T14:20:22","guid":{"rendered":"http:\/\/afpq03.ca\/?page_id=50"},"modified":"2024-07-02T14:00:54","modified_gmt":"2024-07-02T18:00:54","slug":"conseil-dadministration","status":"publish","type":"page","link":"http:\/\/afpq03.ca\/?page_id=50","title":{"rendered":"CONSEIL D&#8217;ADMINISTRATION"},"content":{"rendered":"<h2>Partenaires<\/h2>\n<p>Selon le r\u00e9gime de protection et de mise en valeur des for\u00eats priv\u00e9es du Qu\u00e9bec, l\u2019AFPQ 03 respecte le principe que le gouvernement du Qu\u00e9bec, l\u2019industrie foresti\u00e8re et le monde municipal contribuent, avec les propri\u00e9taires fonciers, au financement de la mise en valeur des for\u00eats priv\u00e9es.<\/p>\n<h2>Conseil d&#8217;administration<\/h2>\n<p>Chacun des secteurs est repr\u00e9sent\u00e9 au sein du conseil d\u2019administration de l\u2019AFPQ 03 qui est compos\u00e9 de repr\u00e9sentants des quatre groupes de partenaires suivants :<\/p>\n<ul>\n<li>Les organismes reconnus de producteurs forestiers;<\/li>\n<li>Le monde municipal;<\/li>\n<li>Les titulaires de permis d\u2019exploitation d\u2019usine de transformation du bois;<\/li>\n<li>Le minist\u00e8re des For\u00eats, de la Faune et des Parcs (MFFP).<\/li>\n<\/ul>\n<h3>Organismes reconnus de producteurs forestiers<\/h3>\n<p>M. Vincent L\u00e9vesque, SPFRQ<\/p>\n<p>M. Jocelyn Matte, SPFRQ<\/p>\n<p>M. Pierre Bertrand, SPFRQ<\/p>\n<p>M. \u00c9tienne Lambert-Julien, GF de Portneuf<\/p>\n<p>Mme Anne-Julie Parent, GF de Qu\u00e9bec-Montmorency<\/p>\n<p>M. \u00c9ric Potvin, GPBP de Charlevoix<\/p>\n<h3>Monde municipal<\/h3>\n<p>M. Daniel Perron, MRC de Portneuf<\/p>\n<p>M. Dominic Besner, MRC de Portneuf<\/p>\n<p>M. J\u00e9r\u00f4me Fournier, MRC de Charlevoix<\/p>\n<p>M. St\u00e9phane Charest (vice-pr\u00e9sident), MRC de Charlevoix-Est<\/p>\n<p>M. Antoine Paquet, MRC de La C\u00f4te-de-Beaupr\u00e9<\/p>\n<p>M.\u00a0Guy\u00a0Rochette, MRC de La Jacques-Cartier<\/p>\n<p>M. Jean-Pierre Turcotte, MRC de L&#8217;\u00cele d&#8217;Orl\u00e9ans<\/p>\n<p>M. J\u00e9r\u00f4me Picard, Ville de Qu\u00e9bec<\/p>\n<h3>Les titulaires de permis d&#8217;exploitation d&#8217;usine de transformation du bois<\/h3>\n<p>M. Mario Harvey, Groupe Lebel &#8211; Saint-Hilarion<\/p>\n<p>M.\u00a0Jonathan\u00a0Lambert, Produits forestiers Arbec &#8211; Arbec Usine St-Roch<\/p>\n<p>Mme Caroline Dub\u00e9, Mat\u00e9riaux Blanchet<\/p>\n<h3>Repr\u00e9sentants du gouvernement<\/h3>\n<p>Mme Isabelle Fortin, MFFP\/Capitale-Nationale &#8211; Chaudi\u00e8re-Appalaches<\/p>\n<p>M. Christian B\u00e9dard, MFFP\/Capitale-Nationale &#8211; Chaudi\u00e8re-Appalaches<\/p>\n<h3>Sous la pr\u00e9sidence de<\/h3>\n<p>M. Dominic Tessier-Perry (Ind\u00e9pendant)<\/p>\n","protected":false},"excerpt":{"rendered":"<p>Partenaires Selon le r\u00e9gime de protection et de mise en valeur des for\u00eats priv\u00e9es du Qu\u00e9bec, l\u2019AFPQ 03 respecte le principe que le gouvernement du Qu\u00e9bec, l\u2019industrie foresti\u00e8re et le monde municipal contribuent, avec les propri\u00e9taires fonciers, au financement de la mise en valeur des for\u00eats priv\u00e9es. Conseil d&#8217;administration Chacun des secteurs est repr\u00e9sent\u00e9 au [&hellip;]<\/p>\n","protected":false},"author":1,"featured_media":0,"parent":23,"menu_order":0,"comment_status":"closed","ping_status":"closed","template":"","meta":{"jetpack_post_was_ever_published":false,"footnotes":""},"class_list":["post-50","page","type-page","status-publish","hentry","post"],"jetpack_shortlink":"https:\/\/wp.me\/P4Oj1E-O","jetpack_sharing_enabled":true,"_links":{"self":[{"href":"http:\/\/afpq03.ca\/index.php?rest_route=\/wp\/v2\/pages\/50","targetHints":{"allow":["GET"]}}],"collection":[{"href":"http:\/\/afpq03.ca\/index.php?rest_route=\/wp\/v2\/pages"}],"about":[{"href":"http:\/\/afpq03.ca\/index.php?rest_route=\/wp\/v2\/types\/page"}],"author":[{"embeddable":true,"href":"http:\/\/afpq03.ca\/index.php?rest_route=\/wp\/v2\/users\/1"}],"replies":[{"embeddable":true,"href":"http:\/\/afpq03.ca\/index.php?rest_route=%2Fwp%2Fv2%2Fcomments&post=50"}],"version-history":[{"count":26,"href":"http:\/\/afpq03.ca\/index.php?rest_route=\/wp\/v2\/pages\/50\/revisions"}],"predecessor-version":[{"id":1957,"href":"http:\/\/afpq03.ca\/index.php?rest_route=\/wp\/v2\/pages\/50\/revisions\/1957"}],"up":[{"embeddable":true,"href":"http:\/\/afpq03.ca\/index.php?rest_route=\/wp\/v2\/pages\/23"}],"wp:attachment":[{"href":"http:\/\/afpq03.ca\/index.php?rest_route=%2Fwp%2Fv2%2Fmedia&parent=50"}],"curies":[{"name":"wp","href":"https:\/\/api.w.org\/{rel}","templated":true}]}}