{"id":486,"date":"2014-07-01T13:30:20","date_gmt":"2014-07-01T13:30:20","guid":{"rendered":"http:\/\/afpq03.ca\/?page_id=486"},"modified":"2014-07-09T13:31:56","modified_gmt":"2014-07-09T13:31:56","slug":"profil-des-proprietaires-forestiers","status":"publish","type":"page","link":"http:\/\/afpq03.ca\/?page_id=486","title":{"rendered":"PROFIL DES PROPRI\u00c9TAIRES FORESTIERS"},"content":{"rendered":"<p>Le portrait des propri\u00e9taires forestiers a chang\u00e9 au cours des derni\u00e8res ann\u00e9es et leurs int\u00e9r\u00eats se sont diversifi\u00e9s. R\u00e9pondre \u00e0 leurs objectifs est crucial pour augmenter le nombre d\u2019inscription comme producteur forestier. Afin de r\u00e9pondre \u00e0 la fois \u00e0 ces multiples objectifs des propri\u00e9taires, aux enjeux du territoire mentionn\u00e9 dans le Plan de protection et de mise en valeur du territoire de l\u2019AFPQ 03, aux divers potentiels et contraintes ainsi qu\u2019\u00e0 la r\u00e9glementation, de nouveaux param\u00e8tres d\u00e9cisionnels doivent \u00eatre int\u00e9gr\u00e9s pour \u00e9laborer les prescriptions sylvicoles. Il devient incontournable que l\u2019ing\u00e9nieur forestier consid\u00e8re la possibilit\u00e9 de plusieurs options pour concevoir des solutions sylvicoles diversifi\u00e9es.<\/p>\n<p><strong>Profil des propri\u00e9taires forestiers<\/strong><\/p>\n<p>Le profil des propri\u00e9taires du territoire de l\u2019AFPQ 03 varie g\u00e9n\u00e9ralement selon l\u2019horizon des revenus d\u00e9sir\u00e9s par les propri\u00e9taires mais aussi, par les valeurs des propri\u00e9taires. M\u00eame si les propri\u00e9taires ont des valeurs uniques, \u00a0nous distinguons principalement les propri\u00e9taires forestiers suivants\u00a0:<\/p>\n<ul>\n<li>Producteur de biens pour un horizon de revenus \u00e0 court terme<\/li>\n<\/ul>\n<p><em>Ce producteur de biens (bois, sabli\u00e8re, bleueti\u00e8re, etc.) d\u00e9sire des revenus \u00e0 court terme. Le d\u00e9fi du conseiller forestier avec ce type de propri\u00e9taire est d\u2019\u00e9tablir un plan \u00e0 long terme pour s\u2019assurer d\u2019\u00e9tablir et d\u2019entretenir une for\u00eat productive en sant\u00e9.<\/em><\/p>\n<ul>\n<li>Producteur de biens pour un horizon de revenus \u00e0 moyens et long terme<\/li>\n<\/ul>\n<p><em>Ce producteur de biens (bois principalement) veut s\u2019assurer d\u2019optimiser les interventions dans son bois\u00e9 pour engendrer des revenus \u00e0 un moment d\u00e9termin\u00e9 (ex : retraite).<\/em><\/p>\n<ul>\n<li>Producteur de biens (bois et autres) \u00e0 revenus r\u00e9currents<\/li>\n<\/ul>\n<p><em>Ce producteur de biens veut s\u2019assurer d\u2019optimiser les interventions dans son bois\u00e9 pour engendrer des revenus r\u00e9currents. Ce producteur de bois peut \u00eatre int\u00e9ress\u00e9 par diff\u00e9rentes productions (Sirop, bois de chauffage, etc.) afin de demeurer actif dans son bois\u00e9.<\/em><\/p>\n<ul>\n<li>Vill\u00e9giateur<\/li>\n<\/ul>\n<p><em>Le vill\u00e9giateur aime principalement avoir un couvert forestier permanent propre. Il a une connaissance limit\u00e9e de son bois\u00e9.<\/em><\/p>\n<ul>\n<li>Gestionnaire faunique<\/li>\n<\/ul>\n<p><em>Ce propri\u00e9taire d\u00e9sire utiliser des traitements sylvicoles et des mesures d\u2019att\u00e9nuation cibl\u00e9es pour maintenir ou augmenter le potentiel faunique de sa propri\u00e9t\u00e9.<\/em><\/p>\n<ul>\n<li>Protectionniste<\/li>\n<\/ul>\n<p><em>Ce type de propri\u00e9taire ne voit pas l\u2019int\u00e9r\u00eat d\u2019effectuer des travaux sylvicoles. De plus, la m\u00e9connaissance de la foresterie fait en sorte qu\u2019il croit qu\u2019il est contre toute nature d\u2019effectuer des travaux forestiers.<\/em><\/p>\n<p>Dans le contexte de la for\u00eat priv\u00e9e, o\u00f9 les propri\u00e9taires sont les v\u00e9ritables d\u00e9cideurs du sc\u00e9nario sylvicole \u00e0 appliquer, l\u2019AFPQ 03 a con\u00e7u un <a href=\"http:\/\/afpq03.ca\/?page_id=105\">guide sylvicole<\/a> \u00e0 l\u2019intention des conseillers forestiers afin de fournir plusieurs options de sc\u00e9narios sylvicoles adapt\u00e9s aux potentiels de croissance forestier du territoire, adapt\u00e9s \u00e0 vos valeurs et qui permettent un am\u00e9nagement durable du territoire forestier.<\/p>\n<p>Ce guide permet aux <a href=\"http:\/\/afpq03.ca\/?page_id=69\">conseillers forestiers<\/a> de mettre l\u2019emphase sur certains attributs clefs de la for\u00eat recherch\u00e9es par les diff\u00e9rents types de propri\u00e9taires forestiers.<\/p>\n<p>Nous vous invitons \u00e0 remplir le<a href=\"http:\/\/afpq03.ca\/?page_id=244\"> sondage aupr\u00e8s des propri\u00e9taires forestiers<\/a> afin d&#8217;aider l&#8217;AFPQ 03 \u00e0 orienter ad\u00e9quatement son programme d&#8217;aide pour r\u00e9pondre \u00e0 vos besoins.<\/p>\n","protected":false},"excerpt":{"rendered":"<p>Le portrait des propri\u00e9taires forestiers a chang\u00e9 au cours des derni\u00e8res ann\u00e9es et leurs int\u00e9r\u00eats se sont diversifi\u00e9s. R\u00e9pondre \u00e0 leurs objectifs est crucial pour augmenter le nombre d\u2019inscription comme producteur forestier. Afin de r\u00e9pondre \u00e0 la fois \u00e0 ces multiples objectifs des propri\u00e9taires, aux enjeux du territoire mentionn\u00e9 dans le Plan de protection et [&hellip;]<\/p>\n","protected":false},"author":1,"featured_media":0,"parent":23,"menu_order":0,"comment_status":"closed","ping_status":"closed","template":"","meta":{"jetpack_post_was_ever_published":false,"footnotes":""},"class_list":["post-486","page","type-page","status-publish","hentry","post"],"jetpack_shortlink":"https:\/\/wp.me\/P4Oj1E-7Q","jetpack_sharing_enabled":true,"_links":{"self":[{"href":"http:\/\/afpq03.ca\/index.php?rest_route=\/wp\/v2\/pages\/486","targetHints":{"allow":["GET"]}}],"collection":[{"href":"http:\/\/afpq03.ca\/index.php?rest_route=\/wp\/v2\/pages"}],"about":[{"href":"http:\/\/afpq03.ca\/index.php?rest_route=\/wp\/v2\/types\/page"}],"author":[{"embeddable":true,"href":"http:\/\/afpq03.ca\/index.php?rest_route=\/wp\/v2\/users\/1"}],"replies":[{"embeddable":true,"href":"http:\/\/afpq03.ca\/index.php?rest_route=%2Fwp%2Fv2%2Fcomments&post=486"}],"version-history":[{"count":3,"href":"http:\/\/afpq03.ca\/index.php?rest_route=\/wp\/v2\/pages\/486\/revisions"}],"predecessor-version":[{"id":935,"href":"http:\/\/afpq03.ca\/index.php?rest_route=\/wp\/v2\/pages\/486\/revisions\/935"}],"up":[{"embeddable":true,"href":"http:\/\/afpq03.ca\/index.php?rest_route=\/wp\/v2\/pages\/23"}],"wp:attachment":[{"href":"http:\/\/afpq03.ca\/index.php?rest_route=%2Fwp%2Fv2%2Fmedia&parent=486"}],"curies":[{"name":"wp","href":"https:\/\/api.w.org\/{rel}","templated":true}]}}