{"id":427,"date":"2014-06-17T14:49:56","date_gmt":"2014-06-17T14:49:56","guid":{"rendered":"http:\/\/afpq03.ca\/?page_id=427"},"modified":"2014-07-01T14:34:37","modified_gmt":"2014-07-01T14:34:37","slug":"liens-utiles-2","status":"publish","type":"page","link":"http:\/\/afpq03.ca\/?page_id=427","title":{"rendered":"LIENS"},"content":{"rendered":"<h3><label>Associations diverses<\/label><\/h3>\n<ul>\n<li>Association foresti\u00e8re des deux rives (AF2R)<br \/>\n<span style=\"text-decoration: underline;\"><span style=\"color: #008000;\"><a href=\"http:\/\/www.af2r.org\/\" target=\"_blank\"><span style=\"color: #008000; text-decoration: underline;\">www.af2r.org<\/span><\/a><\/span><\/span><\/li>\n<li>Commission sur les ressources naturelles et le territoire de la Capitale-Nationale<br \/>\n<span style=\"text-decoration: underline;\"><span style=\"color: #008000;\"><a href=\"http:\/\/www.crecn.qc.ca\/commission\/default.php\" target=\"_blank\"><span style=\"color: #008000; text-decoration: underline;\">www.crecn.qc.ca\/commission\/default.php<\/span><\/a><\/span><\/span><\/li>\n<li>Conseil de l\u2019industrie foresti\u00e8re du Qu\u00e9bec<br \/>\n<span style=\"text-decoration: underline;\"><span style=\"color: #008000;\"><a href=\"http:\/\/www.afqm.org\/\" target=\"_blank\"><span style=\"color: #008000; text-decoration: underline;\">www.cifq.qc.ca<\/span><\/a><\/span><\/span><\/li>\n<li>Fondation de la faune<br \/>\n<span style=\"text-decoration: underline;\"><span style=\"color: #008000;\"><a href=\"http:\/\/www.fondationdelafaune.qc.ca\/\" target=\"_blank\"><span style=\"color: #008000; text-decoration: underline;\">www.fondationdelafaune.qc.ca<\/span><\/a><\/span><\/span><\/li>\n<li>Ordre des ing\u00e9nieurs forestiers du Qu\u00e9bec<br \/>\n<span style=\"text-decoration: underline;\"><span style=\"color: #008000;\"><a href=\"http:\/\/www.oifq.com\/\" target=\"_blank\"><span style=\"color: #008000; text-decoration: underline;\">www.oifq.com<\/span><\/a><\/span><\/span><\/li>\n<\/ul>\n<p>&nbsp;<\/p>\n<h3><label>For\u00eat priv\u00e9e<\/label><\/h3>\n<ul>\n<li>Agence r\u00e9gionale de mise en valeur des for\u00eats priv\u00e9es de Lanaudi\u00e8re<br \/>\n<span style=\"text-decoration: underline;\"><span style=\"color: #008000;\"><a href=\"http:\/\/www.afplanaudiere.org\/\" target=\"_blank\"><span style=\"color: #008000; text-decoration: underline;\">www.afplanaudiere.org<\/span><\/a><\/span><\/span><\/li>\n<li>Agence de mise en valeur des for\u00eats priv\u00e9es des Appalaches<br \/>\n<span style=\"text-decoration: underline;\"><span style=\"color: #008000;\"><a href=\"http:\/\/www.amvap.ca\/\" target=\"_blank\"><span style=\"color: #008000; text-decoration: underline;\">www.amvap.ca<\/span><\/a><\/span><\/span><\/li>\n<li>Agence foresti\u00e8re des Bois-Francs<br \/>\n<span style=\"text-decoration: underline;\"><span style=\"color: #008000;\"><a href=\"http:\/\/www.afbf.qc.ca\/\" target=\"_blank\"><span style=\"color: #008000; text-decoration: underline;\">www.afbf.qc.ca<\/span><\/a><\/span><\/span><\/li>\n<li>Agence foresti\u00e8re de la Mont\u00e9r\u00e9gie<br \/>\n<span style=\"text-decoration: underline;\"><span style=\"color: #008000;\"><a href=\"http:\/\/www.afm.qc.ca\/\" target=\"_blank\"><span style=\"color: #008000; text-decoration: underline;\">www.afm.qc.ca<\/span><\/a><\/span><\/span><\/li>\n<li>Agence r\u00e9gionale de mise en valeur des for\u00eats priv\u00e9es de la Chaudi\u00e8re<br \/>\n<span style=\"text-decoration: underline;\"><span style=\"color: #008000;\"><a href=\"http:\/\/www.arfpc.ca\/\" target=\"_blank\"><span style=\"color: #008000; text-decoration: underline;\">www.arfpc.ca<\/span><\/a><\/span><\/span><\/li>\n<li>Agence r\u00e9gionale de mise en valeur des for\u00eats priv\u00e9es des Laurentides<br \/>\n<span style=\"text-decoration: underline;\"><span style=\"color: #008000;\"><a href=\"http:\/\/www.foret-privee-laurentides.qc.ca\/\" target=\"_blank\"><span style=\"color: #008000; text-decoration: underline;\">www.foret-privee-laurentides.qc.ca<\/span><\/a><\/span><\/span><\/li>\n<li>Agence r\u00e9gionale de mise en valeur des for\u00eats priv\u00e9es du Bas-Saint-Laurent<br \/>\n<span style=\"text-decoration: underline;\"><span style=\"color: #008000;\"><a href=\"http:\/\/www.agence-bsl.qc.ca\/\" target=\"_blank\"><span style=\"color: #008000; text-decoration: underline;\">www.agence-bsl.qc.ca<\/span><\/a><\/span><\/span><\/li>\n<li>Agences r\u00e9gionales de mise en valeur des for\u00eats priv\u00e9es du Lac-Saint-Jean et du Saguenay<br \/>\n<span style=\"text-decoration: underline;\"><span style=\"color: #008000;\"><a href=\"http:\/\/www.agencesforestieressaglac.com\/\" target=\"_blank\"><span style=\"color: #008000; text-decoration: underline;\">www.agencesforestieressaglac.com<\/span><\/a><\/span><\/span><\/li>\n<li>Agence r\u00e9gionale de mise en valeur des for\u00eats priv\u00e9es mauriciennes<br \/>\n<span style=\"text-decoration: underline;\"><span style=\"color: #008000;\"><a href=\"http:\/\/www.agence-mauricie.qc.ca\/\" target=\"_blank\"><span style=\"color: #008000; text-decoration: underline;\">www.agence-mauricie.qc.ca<\/span><\/a><\/span><\/span><\/li>\n<li>Regroupement des soci\u00e9t\u00e9s d\u2019am\u00e9nagement forestier du Qu\u00e9bec<br \/>\n<span style=\"text-decoration: underline;\"><span style=\"color: #008000;\"><a href=\"http:\/\/www.resam.org\/\" target=\"_blank\"><span style=\"color: #008000; text-decoration: underline;\">www.resam.org<\/span><\/a><\/span><\/span><\/li>\n<li>Syndicat des propri\u00e9taires forestiers de la r\u00e9gion de Qu\u00e9bec<br \/>\n<span style=\"text-decoration: underline;\"><span style=\"color: #008000;\"><a href=\"http:\/\/www.spfrq.qc.ca\/\" target=\"_blank\"><span style=\"color: #008000; text-decoration: underline;\">www.spfrq.qc.ca<\/span><\/a><\/span><\/span><\/li>\n<\/ul>\n<h3><label>Monde municipal<\/label><\/h3>\n<ul>\n<li>MRC La Jacques-Cartier<br \/>\n<span style=\"text-decoration: underline;\"><span style=\"color: #008000;\"><a href=\"http:\/\/www.lajacquescartier.qc.ca\/\" target=\"_blank\"><span style=\"color: #008000; text-decoration: underline;\">www.lajacquescartier.qc.ca<\/span><\/a><\/span><\/span><\/li>\n<li>MRC de Portneuf<br \/>\n<span style=\"text-decoration: underline;\"><span style=\"color: #008000;\"><a href=\"http:\/\/www.portneuf.com\/\" target=\"_blank\"><span style=\"color: #008000; text-decoration: underline;\">www.portneuf.com<\/span><\/a><\/span><\/span><\/li>\n<li>Ville de Qu\u00e9bec<br \/>\n<span style=\"text-decoration: underline;\"><span style=\"color: #008000;\"><a href=\"http:\/\/www.ville.quebec.qc.ca\/\" target=\"_blank\"><span style=\"color: #008000; text-decoration: underline;\">www.ville.quebec.qc.ca<\/span><\/a><\/span><\/span><\/li>\n<\/ul>\n<h3><label>Organismes gouvernementaux<\/label><\/h3>\n<ul>\n<li>La Financi\u00e8re agricole du Qu\u00e9bec<br \/>\n<span style=\"text-decoration: underline;\"><span style=\"color: #008000;\"><a href=\"http:\/\/www.financiereagricole.qc.ca\/\" target=\"_blank\"><span style=\"color: #008000; text-decoration: underline;\">www.financiereagricole.qc.ca<\/span><\/a><\/span><\/span><\/li>\n<li>Minist\u00e8re des Ressources naturelles et de la Faune<br \/>\n<span style=\"text-decoration: underline;\"><span style=\"color: #008000;\"><a href=\"http:\/\/www.mrnf.gouv.qc.ca\/\" target=\"_blank\"><span style=\"color: #008000; text-decoration: underline;\">www.mrnf.gouv.qc.ca<\/span><\/a><\/span><\/span><\/li>\n<li>MRNF\u2013 Liste des agences r\u00e9gionales de mise en valeur des for\u00eats priv\u00e9es<br \/>\n<span style=\"text-decoration: underline;\"><span style=\"color: #008000;\"><a href=\"http:\/\/www.mrnf.gouv.qc.ca\/forets\/privees\/privees-agences.jsp\" target=\"_blank\"><span style=\"color: #008000; text-decoration: underline;\">www.mrnf.gouv.qc.ca\/forets\/privees\/privees-agences.jsp<\/span><\/a><\/span><\/span><\/li>\n<li>MRNF\u2013 Producteur forestier reconnu<br \/>\n<span style=\"text-decoration: underline;\"><span style=\"color: #008000;\"><a href=\"http:\/\/www.mrnf.gouv.qc.ca\/forets\/privees\/privees-producteur.jsp\" target=\"_blank\"><span style=\"color: #008000; text-decoration: underline;\">www.mrnf.gouv.qc.ca\/forets\/privees\/privees-producteur.jsp<\/span><\/a><\/span><\/span><\/li>\n<li>MRNF\u2013 Programme d\u2019aide \u00e0 la mise en valeur<br \/>\n<span style=\"text-decoration: underline;\"><span style=\"color: #008000;\"><a href=\"http:\/\/www.mrnf.gouv.qc.ca\/forets\/privees\/privees-programmes.jsp\" target=\"_blank\"><span style=\"color: #008000; text-decoration: underline;\">www.mrnf.gouv.qc.ca\/forets\/privees\/privees-programmes.jsp<\/span><\/a><\/span><\/span><\/li>\n<li>MRNF\u2013 Programme de financement forestier<br \/>\n<span style=\"text-decoration: underline;\"><span style=\"color: #008000;\"><a href=\"http:\/\/www.mrnf.gouv.qc.ca\/forets\/privees\/privees-programmes-financement.jsp\" target=\"_blank\"><span style=\"color: #008000; text-decoration: underline;\">www.mrnf.gouv.qc.ca\/forets\/privees\/privees-programmes-financement.jsp<\/span><\/a><\/span><\/span><\/li>\n<li>MRNF\u2013 Programme de remboursement des taxes fonci\u00e8res<br \/>\n<span style=\"text-decoration: underline;\"><span style=\"color: #008000;\"><a href=\"http:\/\/www.mrnf.gouv.qc.ca\/forets\/privees\/privees-programmes-remboursement.jsp\" target=\"_blank\"><span style=\"color: #008000; text-decoration: underline;\">www.mrnf.gouv.qc.ca\/forets\/privees\/privees-programmes-remboursement.jsp<\/span><\/a><\/span><\/span><\/li>\n<li>Ressources naturelles Canada \u2013 Centre de foresterie des Laurentides<br \/>\n<span style=\"text-decoration: underline;\"><span style=\"color: #008000;\"><a href=\"http:\/\/scf.rncan.gc.ca\/regions\/cfl\" target=\"_blank\"><span style=\"color: #008000; text-decoration: underline;\">http:\/\/scf.rncan.gc.ca\/regions\/cfl<\/span><\/a><\/span><\/span><\/li>\n<li>Service canadien des for\u00eats<br \/>\n<span style=\"text-decoration: underline;\"><span style=\"color: #008000;\"><a href=\"http:\/\/scf.rncan.gc.ca\/\" target=\"_blank\"><span style=\"color: #008000; text-decoration: underline;\">http:\/\/scf.rncan.gc.ca<\/span><\/a><\/span><\/span><\/li>\n<\/ul>\n","protected":false},"excerpt":{"rendered":"<p>Associations diverses Association foresti\u00e8re des deux rives (AF2R) www.af2r.org Commission sur les ressources naturelles et le territoire de la Capitale-Nationale www.crecn.qc.ca\/commission\/default.php Conseil de l\u2019industrie foresti\u00e8re du Qu\u00e9bec www.cifq.qc.ca Fondation de la faune www.fondationdelafaune.qc.ca Ordre des ing\u00e9nieurs forestiers du Qu\u00e9bec www.oifq.com &nbsp; For\u00eat priv\u00e9e Agence r\u00e9gionale de mise en valeur des for\u00eats priv\u00e9es de Lanaudi\u00e8re www.afplanaudiere.org [&hellip;]<\/p>\n","protected":false},"author":1,"featured_media":0,"parent":0,"menu_order":0,"comment_status":"closed","ping_status":"closed","template":"","meta":{"jetpack_post_was_ever_published":false,"footnotes":""},"class_list":["post-427","page","type-page","status-publish","hentry","post"],"jetpack_shortlink":"https:\/\/wp.me\/P4Oj1E-6T","jetpack_sharing_enabled":true,"_links":{"self":[{"href":"http:\/\/afpq03.ca\/index.php?rest_route=\/wp\/v2\/pages\/427","targetHints":{"allow":["GET"]}}],"collection":[{"href":"http:\/\/afpq03.ca\/index.php?rest_route=\/wp\/v2\/pages"}],"about":[{"href":"http:\/\/afpq03.ca\/index.php?rest_route=\/wp\/v2\/types\/page"}],"author":[{"embeddable":true,"href":"http:\/\/afpq03.ca\/index.php?rest_route=\/wp\/v2\/users\/1"}],"replies":[{"embeddable":true,"href":"http:\/\/afpq03.ca\/index.php?rest_route=%2Fwp%2Fv2%2Fcomments&post=427"}],"version-history":[{"count":7,"href":"http:\/\/afpq03.ca\/index.php?rest_route=\/wp\/v2\/pages\/427\/revisions"}],"predecessor-version":[{"id":495,"href":"http:\/\/afpq03.ca\/index.php?rest_route=\/wp\/v2\/pages\/427\/revisions\/495"}],"wp:attachment":[{"href":"http:\/\/afpq03.ca\/index.php?rest_route=%2Fwp%2Fv2%2Fmedia&parent=427"}],"curies":[{"name":"wp","href":"https:\/\/api.w.org\/{rel}","templated":true}]}}