{"id":29,"date":"2014-06-06T14:04:10","date_gmt":"2014-06-06T14:04:10","guid":{"rendered":"http:\/\/afpq03.ca\/?page_id=29"},"modified":"2014-07-04T18:07:59","modified_gmt":"2014-07-04T18:07:59","slug":"les-formations","status":"publish","type":"page","link":"http:\/\/afpq03.ca\/?page_id=29","title":{"rendered":"SERVICES"},"content":{"rendered":"<p>Les activit\u00e9s de transfert de connaissances pour les propri\u00e9taires de bois\u00e9s priv\u00e9s, sont orient\u00e9es vers la pratique et adapt\u00e9es \u00e0 leurs besoins.<\/p>\n<p>Dans le but d\u2019intensifier et d\u2019am\u00e9liorer les activit\u00e9s de protection et de mise en valeur des for\u00eats priv\u00e9es situ\u00e9es sur son territoire, l\u2019AFPQ 03 offre aux producteurs des occasions d\u2019acqu\u00e9rir de nouvelles connaissances et comp\u00e9tences dans de multiples domaines par le biais de cours de formation, d\u2019ateliers sp\u00e9cialis\u00e9s et de visites en for\u00eat.<\/p>\n<p>Voici l\u2019\u00e9ventail des activit\u00e9s offertes :<\/p>\n<ul>\n<li>Abattage directionnel;<\/li>\n<li>Aff\u00fbtage de la scie \u00e0 cha\u00eene;<\/li>\n<li>Am\u00e9nagement forestier pour la faune;<\/li>\n<li>\u00c9claircies et jardinage;<\/li>\n<li>Entretien de la scie \u00e0 cha\u00eene;<\/li>\n<li>Fiscalit\u00e9 foresti\u00e8re;<\/li>\n<li>Rentabilit\u00e9 d\u2019un bois\u00e9 priv\u00e9;<\/li>\n<li>Fa\u00e7onnage des bois feuillus;<\/li>\n<li>Utilisation de la d\u00e9broussailleuse;<\/li>\n<li>Planification des interventions de r\u00e9colte;<\/li>\n<li>Visites en for\u00eat;<\/li>\n<li>Traverse de cours d&#8217;eau en for\u00eat priv\u00e9e.<\/li>\n<\/ul>\n<p>Pour de plus amples renseignements ou pour vous inscrire aux activit\u00e9s de formation de l\u2019AFPQ 03 :<\/p>\n<p>Compl\u00e9ter le <a href=\"http:\/\/afpq03.ca\/wp-content\/uploads\/2014\/07\/Brochure-sur-les-cours-AFPQ03.pdf\" target=\"_blank\">formulaire d\u2019inscription<\/a>.<br \/>\nCommuniquez avec nous ou notre mandataire, le Syndicat des propri\u00e9taires forestiers de la r\u00e9gion de Qu\u00e9bec, au (418) 872-0770.<\/p>\n","protected":false},"excerpt":{"rendered":"<p>Les activit\u00e9s de transfert de connaissances pour les propri\u00e9taires de bois\u00e9s priv\u00e9s, sont orient\u00e9es vers la pratique et adapt\u00e9es \u00e0 leurs besoins. Dans le but d\u2019intensifier et d\u2019am\u00e9liorer les activit\u00e9s de protection et de mise en valeur des for\u00eats priv\u00e9es situ\u00e9es sur son territoire, l\u2019AFPQ 03 offre aux producteurs des occasions d\u2019acqu\u00e9rir de nouvelles connaissances [&hellip;]<\/p>\n","protected":false},"author":1,"featured_media":0,"parent":0,"menu_order":0,"comment_status":"closed","ping_status":"closed","template":"","meta":{"jetpack_post_was_ever_published":false,"footnotes":""},"class_list":["post-29","page","type-page","status-publish","hentry","post"],"jetpack_shortlink":"https:\/\/wp.me\/P4Oj1E-t","jetpack_sharing_enabled":true,"_links":{"self":[{"href":"http:\/\/afpq03.ca\/index.php?rest_route=\/wp\/v2\/pages\/29","targetHints":{"allow":["GET"]}}],"collection":[{"href":"http:\/\/afpq03.ca\/index.php?rest_route=\/wp\/v2\/pages"}],"about":[{"href":"http:\/\/afpq03.ca\/index.php?rest_route=\/wp\/v2\/types\/page"}],"author":[{"embeddable":true,"href":"http:\/\/afpq03.ca\/index.php?rest_route=\/wp\/v2\/users\/1"}],"replies":[{"embeddable":true,"href":"http:\/\/afpq03.ca\/index.php?rest_route=%2Fwp%2Fv2%2Fcomments&post=29"}],"version-history":[{"count":8,"href":"http:\/\/afpq03.ca\/index.php?rest_route=\/wp\/v2\/pages\/29\/revisions"}],"predecessor-version":[{"id":879,"href":"http:\/\/afpq03.ca\/index.php?rest_route=\/wp\/v2\/pages\/29\/revisions\/879"}],"wp:attachment":[{"href":"http:\/\/afpq03.ca\/index.php?rest_route=%2Fwp%2Fv2%2Fmedia&parent=29"}],"curies":[{"name":"wp","href":"https:\/\/api.w.org\/{rel}","templated":true}]}}