{"id":27,"date":"2014-06-06T14:03:50","date_gmt":"2014-06-06T14:03:50","guid":{"rendered":"http:\/\/afpq03.ca\/?page_id=27"},"modified":"2015-09-22T12:46:15","modified_gmt":"2015-09-22T16:46:15","slug":"le-ppmv","status":"publish","type":"page","link":"http:\/\/afpq03.ca\/?page_id=27","title":{"rendered":"PPMV"},"content":{"rendered":"<p>En vertu de l\u2019article 150 de la LADF, le PPMV doit comprendre l&#8217;\u00e9tude des aptitudes foresti\u00e8res du territoire de l&#8217;Agence des for\u00eats priv\u00e9es de Qu\u00e9bec 03 (Agence Qu\u00e9bec 03) ainsi que l&#8217;indication des objectifs de production et des m\u00e9thodes de gestion pr\u00e9conis\u00e9es, notamment celles permettant d&#8217;assurer la durabilit\u00e9 de l&#8217;approvisionnement en bois. Le plan doit comprendre \u00e9galement un programme quinquennal d\u00e9crivant les activit\u00e9s de protection ou de mise en valeur favoris\u00e9es et les moyens retenus pour l&#8217;atteinte des objectifs.<\/p>\n<p>Le PPMV est constitu\u00e9 de trois documents, qui ont \u00e9t\u00e9 \u00e9labor\u00e9s en concertation avec les partenaires du milieu et valid\u00e9 par l&#8217;Agence des for\u00eats priv\u00e9es de Qu\u00e9bec 03.<\/p>\n<ul style=\"color: #000000;\">\n<li>\n<p class=\"entry-title\" style=\"font-weight: 500; color: #3b3b3b;\"><a href=\"http:\/\/afpq03.ca\/?page_id=82\">DOCUMENT DE CONNAISSANCE<\/a><\/p>\n<\/li>\n<li>\n<p class=\"entry-title\" style=\"font-weight: 500; color: #3b3b3b;\"><a href=\"http:\/\/afpq03.ca\/?page_id=84\">ENJEUX, OBJECTIFS ET PLAN QUINQUENNAL<\/a><\/p>\n<\/li>\n<li>\n<p class=\"entry-title\" style=\"font-weight: 500; color: #3b3b3b;\"><a href=\"http:\/\/afpq03.ca\/?page_id=86\">CALCUL DE POSSIBILIT\u00c9 FORESTI\u00c8RE<\/a><\/p>\n<\/li>\n<\/ul>\n<p>Le \u00ab\u00a0<em>Document de connaissances<\/em>\u00a0\u00bb ainsi que celui \u00ab\u00a0<em>d&#8217;Identification des enjeux et objectifs &amp; Plan d&#8217;action quinquennal<\/em>\u00a0\u00bb ont \u00e9t\u00e9 compl\u00e9t\u00e9s et soumis aux MRC du territoire de l&#8217;AFPQ\u00a003 pour consultation en 2013. Cette consultation avait pour but de recueillir des commentaires et de s&#8217;assurer que le PPMV est conforme au \u00ab\u00a0Sch\u00e9ma d&#8217;am\u00e9nagement\u00a0\u00bb de chacune d&#8217;entre elles.<\/p>\n<p>En f\u00e9vrier 2014, une consultation publique a \u00e9t\u00e9 organis\u00e9e via le site Internet de l&#8217;AFPQ\u00a003 et la mise \u00e0 disposition des documents au bureau du Syndicat des propri\u00e9taires forestiers de la r\u00e9gion de Qu\u00e9bec ainsi qu&#8217;aux Unit\u00e9s de Gestion du Minist\u00e8re des Ressources naturelles de Charlevoix et de Portneuf-Laurentides. Le PPMV est entr\u00e9 en vigueur officiellement le 23 octobre 2014. test<\/p>\n","protected":false},"excerpt":{"rendered":"<p>En vertu de l\u2019article 150 de la LADF, le PPMV doit comprendre l&#8217;\u00e9tude des aptitudes foresti\u00e8res du territoire de l&#8217;Agence des for\u00eats priv\u00e9es de Qu\u00e9bec 03 (Agence Qu\u00e9bec 03) ainsi que l&#8217;indication des objectifs de production et des m\u00e9thodes de gestion pr\u00e9conis\u00e9es, notamment celles permettant d&#8217;assurer la durabilit\u00e9 de l&#8217;approvisionnement en bois. Le plan doit [&hellip;]<\/p>\n","protected":false},"author":1,"featured_media":0,"parent":0,"menu_order":0,"comment_status":"closed","ping_status":"closed","template":"","meta":{"jetpack_post_was_ever_published":false,"footnotes":""},"class_list":["post-27","page","type-page","status-publish","hentry","post"],"jetpack_shortlink":"https:\/\/wp.me\/P4Oj1E-r","jetpack_sharing_enabled":true,"_links":{"self":[{"href":"http:\/\/afpq03.ca\/index.php?rest_route=\/wp\/v2\/pages\/27","targetHints":{"allow":["GET"]}}],"collection":[{"href":"http:\/\/afpq03.ca\/index.php?rest_route=\/wp\/v2\/pages"}],"about":[{"href":"http:\/\/afpq03.ca\/index.php?rest_route=\/wp\/v2\/types\/page"}],"author":[{"embeddable":true,"href":"http:\/\/afpq03.ca\/index.php?rest_route=\/wp\/v2\/users\/1"}],"replies":[{"embeddable":true,"href":"http:\/\/afpq03.ca\/index.php?rest_route=%2Fwp%2Fv2%2Fcomments&post=27"}],"version-history":[{"count":8,"href":"http:\/\/afpq03.ca\/index.php?rest_route=\/wp\/v2\/pages\/27\/revisions"}],"predecessor-version":[{"id":1034,"href":"http:\/\/afpq03.ca\/index.php?rest_route=\/wp\/v2\/pages\/27\/revisions\/1034"}],"wp:attachment":[{"href":"http:\/\/afpq03.ca\/index.php?rest_route=%2Fwp%2Fv2%2Fmedia&parent=27"}],"curies":[{"name":"wp","href":"https:\/\/api.w.org\/{rel}","templated":true}]}}