{"id":23,"date":"2014-06-06T14:01:23","date_gmt":"2014-06-06T14:01:23","guid":{"rendered":"http:\/\/afpq03.ca\/?page_id=23"},"modified":"2018-11-27T10:41:10","modified_gmt":"2018-11-27T15:41:10","slug":"lagence","status":"publish","type":"page","link":"http:\/\/afpq03.ca\/?page_id=23","title":{"rendered":"AGENCE 03"},"content":{"rendered":"<p><strong>Historique<\/strong><\/p>\n<p>La d\u00e9cision de cr\u00e9er des agences r\u00e9gionales de mise en valeur des for\u00eats priv\u00e9es a \u00e9t\u00e9 prise \u00e0 l\u2019issue du Sommet sur la for\u00eat priv\u00e9e en mai 1995. Les principaux acteurs de la for\u00eat priv\u00e9e se sont r\u00e9unis puisque le gouvernement f\u00e9d\u00e9ral avait annonc\u00e9 le retrait de l\u2019aide financi\u00e8re vers\u00e9e pour les for\u00eats priv\u00e9es du Qu\u00e9bec. Ces acteurs provinciaux sont :<\/p>\n<ul>\n<li>Les organismes reconnus de producteurs forestiers;<\/li>\n<li>Le monde municipal;<\/li>\n<li>Les titulaires de permis d\u2019exploitation d\u2019usine de transformation du bois;<\/li>\n<li>Le minist\u00e8re des Ressources naturelles.<\/li>\n<\/ul>\n<p>Il a \u00e9t\u00e9 d\u00e9fini un r\u00e9gime de protection et de mise en valeur des for\u00eats priv\u00e9es; d\u2019o\u00f9 la mise sur pied des agences r\u00e9gionales de mise en valeur des for\u00eats priv\u00e9es.<\/p>\n<p>L\u2019Agence des for\u00eats priv\u00e9es de Qu\u00e9bec 03 fut implant\u00e9e en septembre 1996. Elle a \u00e9t\u00e9 fond\u00e9e en vertu de la Loi sur l&#8217;am\u00e9nagement durable du territoire forestier et du Code civil du Qu\u00e9bec. Son fonctionnement est r\u00e9gi par les articles 335 \u00e0 354 du Code civil, par des dispositions de la Loi sur les for\u00eats et par son r\u00e8glement int\u00e9rieur. C\u2019est une structure non gouvernementale ind\u00e9pendante qui joue un r\u00f4le essentiel dans le r\u00e9gime de protection et de mise en valeur des for\u00eats priv\u00e9es.<\/p>\n<p>Depuis 1996, 58 161 663\u00a0$ ont \u00e9t\u00e9 investies sur le terrain par l&#8217;ensemble des partenaires de l&#8217;Agence.<\/p>\n<p><a href=\"http:\/\/afpq03.ca\/wp-content\/uploads\/2018\/11\/Investissements-1.jpg\"><img loading=\"lazy\" decoding=\"async\" class=\"alignnone wp-image-1091 size-medium\" src=\"http:\/\/afpq03.ca\/wp-content\/uploads\/2018\/11\/Investissements-1-300x191.jpg\" alt=\"\" width=\"300\" height=\"191\" srcset=\"http:\/\/afpq03.ca\/wp-content\/uploads\/2018\/11\/Investissements-1-300x191.jpg 300w, http:\/\/afpq03.ca\/wp-content\/uploads\/2018\/11\/Investissements-1.jpg 604w\" sizes=\"auto, (max-width: 300px) 100vw, 300px\" \/><\/a><\/p>\n<p>(Cliquez sur l&#8217;image pour agrandir)<\/p>\n","protected":false},"excerpt":{"rendered":"<p>Historique La d\u00e9cision de cr\u00e9er des agences r\u00e9gionales de mise en valeur des for\u00eats priv\u00e9es a \u00e9t\u00e9 prise \u00e0 l\u2019issue du Sommet sur la for\u00eat priv\u00e9e en mai 1995. Les principaux acteurs de la for\u00eat priv\u00e9e se sont r\u00e9unis puisque le gouvernement f\u00e9d\u00e9ral avait annonc\u00e9 le retrait de l\u2019aide financi\u00e8re vers\u00e9e pour les for\u00eats priv\u00e9es [&hellip;]<\/p>\n","protected":false},"author":1,"featured_media":0,"parent":0,"menu_order":0,"comment_status":"closed","ping_status":"closed","template":"","meta":{"jetpack_post_was_ever_published":false,"footnotes":""},"class_list":["post-23","page","type-page","status-publish","hentry","post"],"jetpack_shortlink":"https:\/\/wp.me\/P4Oj1E-n","jetpack_sharing_enabled":true,"_links":{"self":[{"href":"http:\/\/afpq03.ca\/index.php?rest_route=\/wp\/v2\/pages\/23","targetHints":{"allow":["GET"]}}],"collection":[{"href":"http:\/\/afpq03.ca\/index.php?rest_route=\/wp\/v2\/pages"}],"about":[{"href":"http:\/\/afpq03.ca\/index.php?rest_route=\/wp\/v2\/types\/page"}],"author":[{"embeddable":true,"href":"http:\/\/afpq03.ca\/index.php?rest_route=\/wp\/v2\/users\/1"}],"replies":[{"embeddable":true,"href":"http:\/\/afpq03.ca\/index.php?rest_route=%2Fwp%2Fv2%2Fcomments&post=23"}],"version-history":[{"count":15,"href":"http:\/\/afpq03.ca\/index.php?rest_route=\/wp\/v2\/pages\/23\/revisions"}],"predecessor-version":[{"id":1092,"href":"http:\/\/afpq03.ca\/index.php?rest_route=\/wp\/v2\/pages\/23\/revisions\/1092"}],"wp:attachment":[{"href":"http:\/\/afpq03.ca\/index.php?rest_route=%2Fwp%2Fv2%2Fmedia&parent=23"}],"curies":[{"name":"wp","href":"https:\/\/api.w.org\/{rel}","templated":true}]}}