{"id":221,"date":"2014-06-12T13:39:28","date_gmt":"2014-06-12T13:39:28","guid":{"rendered":"http:\/\/afpq03.ca\/?page_id=221"},"modified":"2023-09-11T11:22:49","modified_gmt":"2023-09-11T15:22:49","slug":"personnel","status":"publish","type":"page","link":"http:\/\/afpq03.ca\/?page_id=221","title":{"rendered":"PERSONNEL"},"content":{"rendered":"<table style=\"height: 530px;\" width=\"672\">\n<tbody>\n<tr>\n<td width=\"320\">\n<h2><strong><span style=\"color: #008000;\">Charles Rh\u00e9aume, ing.f.<\/span><a href=\"http:\/\/afpq03.ca\/wp-content\/uploads\/2023\/09\/Charles.jpg\"><img loading=\"lazy\" decoding=\"async\" class=\"alignnone wp-image-1706 size-medium\" src=\"http:\/\/afpq03.ca\/wp-content\/uploads\/2023\/09\/Charles-227x300.jpg\" alt=\"\" width=\"227\" height=\"300\" srcset=\"http:\/\/afpq03.ca\/wp-content\/uploads\/2023\/09\/Charles-227x300.jpg 227w, http:\/\/afpq03.ca\/wp-content\/uploads\/2023\/09\/Charles.jpg 392w\" sizes=\"auto, (max-width: 227px) 100vw, 227px\" \/><\/a><\/strong><\/h2>\n<p>Secr\u00e9taire ex\u00e9cutif et<\/p>\n<p>tr\u00e9sorier<\/p>\n<p>Depuis avril 2011<\/p>\n<p><a href=\"mailto:charles@afpq03.ca\">charles@afpq03.ca<\/a><\/td>\n<td width=\"16\"><strong>\u00a0 \u00a0 \u00a0 \u00a0\u00a0<\/strong><\/td>\n<td width=\"307\">\n<h2><strong><span style=\"color: #008000;\">Jean-Fran\u00e7ois Maltais<\/span><a href=\"http:\/\/afpq03.ca\/wp-content\/uploads\/2023\/09\/Jeff.jpg\"><img loading=\"lazy\" decoding=\"async\" class=\"alignnone wp-image-1707 size-medium\" src=\"http:\/\/afpq03.ca\/wp-content\/uploads\/2023\/09\/Jeff-225x300.jpg\" alt=\"\" width=\"225\" height=\"300\" srcset=\"http:\/\/afpq03.ca\/wp-content\/uploads\/2023\/09\/Jeff-225x300.jpg 225w, http:\/\/afpq03.ca\/wp-content\/uploads\/2023\/09\/Jeff.jpg 387w\" sizes=\"auto, (max-width: 225px) 100vw, 225px\" \/><\/a><\/strong><\/h2>\n<p>Technicien forestier<\/p>\n<p>Depuis octobre 2011<\/p>\n<p><a href=\"mailto:jfmaltais@afpq03.ca\">jfmaltais@afpq03.ca<\/a><\/td>\n<\/tr>\n<tr>\n<td colspan=\"3\" width=\"643\">\n<table style=\"height: 231px;\" width=\"661\">\n<tbody>\n<tr>\n<td style=\"color: #000000;\" width=\"320\">\n<h2><strong><span style=\"color: #008000;\">Sylvie Poulin<\/span><br \/>\n<a href=\"http:\/\/afpq03.ca\/wp-content\/uploads\/2023\/09\/Sylvie.jpg\"><img loading=\"lazy\" decoding=\"async\" class=\"alignnone wp-image-1708 size-medium\" src=\"http:\/\/afpq03.ca\/wp-content\/uploads\/2023\/09\/Sylvie-222x300.jpg\" alt=\"\" width=\"222\" height=\"300\" srcset=\"http:\/\/afpq03.ca\/wp-content\/uploads\/2023\/09\/Sylvie-222x300.jpg 222w, http:\/\/afpq03.ca\/wp-content\/uploads\/2023\/09\/Sylvie.jpg 387w\" sizes=\"auto, (max-width: 222px) 100vw, 222px\" \/><\/a><\/strong><\/h2>\n<p>Adjointe administrative<\/p>\n<p>Depuis\u00a0juillet 2013<\/p>\n<p><a href=\"mailto:sylvie.poulin@afpq03.ca\">sylvie.poulin@afpq03.ca<\/a><\/td>\n<td style=\"color: #000000;\" width=\"16\"><strong>\u00a0<\/strong><\/td>\n<td style=\"color: #000000;\" width=\"307\"><\/td>\n<\/tr>\n<\/tbody>\n<\/table>\n<\/td>\n<\/tr>\n<\/tbody>\n<\/table>\n<h2><\/h2>\n","protected":false},"excerpt":{"rendered":"<p>Charles Rh\u00e9aume, ing.f. Secr\u00e9taire ex\u00e9cutif et tr\u00e9sorier Depuis avril 2011 charles@afpq03.ca \u00a0 \u00a0 \u00a0 \u00a0\u00a0 Jean-Fran\u00e7ois Maltais Technicien forestier Depuis octobre 2011 jfmaltais@afpq03.ca Sylvie Poulin Adjointe administrative Depuis\u00a0juillet 2013 sylvie.poulin@afpq03.ca \u00a0<\/p>\n","protected":false},"author":1,"featured_media":0,"parent":23,"menu_order":0,"comment_status":"closed","ping_status":"closed","template":"","meta":{"jetpack_post_was_ever_published":false,"footnotes":""},"class_list":["post-221","page","type-page","status-publish","hentry","post"],"jetpack_shortlink":"https:\/\/wp.me\/P4Oj1E-3z","jetpack_sharing_enabled":true,"_links":{"self":[{"href":"http:\/\/afpq03.ca\/index.php?rest_route=\/wp\/v2\/pages\/221","targetHints":{"allow":["GET"]}}],"collection":[{"href":"http:\/\/afpq03.ca\/index.php?rest_route=\/wp\/v2\/pages"}],"about":[{"href":"http:\/\/afpq03.ca\/index.php?rest_route=\/wp\/v2\/types\/page"}],"author":[{"embeddable":true,"href":"http:\/\/afpq03.ca\/index.php?rest_route=\/wp\/v2\/users\/1"}],"replies":[{"embeddable":true,"href":"http:\/\/afpq03.ca\/index.php?rest_route=%2Fwp%2Fv2%2Fcomments&post=221"}],"version-history":[{"count":12,"href":"http:\/\/afpq03.ca\/index.php?rest_route=\/wp\/v2\/pages\/221\/revisions"}],"predecessor-version":[{"id":1709,"href":"http:\/\/afpq03.ca\/index.php?rest_route=\/wp\/v2\/pages\/221\/revisions\/1709"}],"up":[{"embeddable":true,"href":"http:\/\/afpq03.ca\/index.php?rest_route=\/wp\/v2\/pages\/23"}],"wp:attachment":[{"href":"http:\/\/afpq03.ca\/index.php?rest_route=%2Fwp%2Fv2%2Fmedia&parent=221"}],"curies":[{"name":"wp","href":"https:\/\/api.w.org\/{rel}","templated":true}]}}