{"id":108,"date":"2014-06-06T17:27:16","date_gmt":"2014-06-06T17:27:16","guid":{"rendered":"http:\/\/afpq03.ca\/?page_id=108"},"modified":"2014-09-17T20:27:36","modified_gmt":"2014-09-18T00:27:36","slug":"industriels-forestiers","status":"publish","type":"page","link":"http:\/\/afpq03.ca\/?page_id=108","title":{"rendered":"INDUSTRIELS FORESTIERS"},"content":{"rendered":"<p>Cette section est principalement destin\u00e9e aux industriels forestiers, titulaires de permis d&#8217;exploitation d&#8217;usine de transformation de bois, afin de leur permettre d&#8217;obtenir les informations n\u00e9cessaires pour effectuer leur d\u00e9claration des volumes de bois achet\u00e9s sur le territoire de l&#8217;AFPQ 03 et le versement de leur contribution financi\u00e8re, et ce, conform\u00e9ment \u00e0 la Loi sur l&#8217;am\u00e9nagement durable du territoire forestier.<\/p>\n","protected":false},"excerpt":{"rendered":"<p>Cette section est principalement destin\u00e9e aux industriels forestiers, titulaires de permis d&#8217;exploitation d&#8217;usine de transformation de bois, afin de leur permettre d&#8217;obtenir les informations n\u00e9cessaires pour effectuer leur d\u00e9claration des volumes de bois achet\u00e9s sur le territoire de l&#8217;AFPQ 03 et le versement de leur contribution financi\u00e8re, et ce, conform\u00e9ment \u00e0 la Loi sur l&#8217;am\u00e9nagement [&hellip;]<\/p>\n","protected":false},"author":1,"featured_media":0,"parent":0,"menu_order":0,"comment_status":"closed","ping_status":"closed","template":"","meta":{"jetpack_post_was_ever_published":false,"footnotes":""},"class_list":["post-108","page","type-page","status-publish","hentry","post"],"jetpack_shortlink":"https:\/\/wp.me\/P4Oj1E-1K","jetpack_sharing_enabled":true,"_links":{"self":[{"href":"http:\/\/afpq03.ca\/index.php?rest_route=\/wp\/v2\/pages\/108","targetHints":{"allow":["GET"]}}],"collection":[{"href":"http:\/\/afpq03.ca\/index.php?rest_route=\/wp\/v2\/pages"}],"about":[{"href":"http:\/\/afpq03.ca\/index.php?rest_route=\/wp\/v2\/types\/page"}],"author":[{"embeddable":true,"href":"http:\/\/afpq03.ca\/index.php?rest_route=\/wp\/v2\/users\/1"}],"replies":[{"embeddable":true,"href":"http:\/\/afpq03.ca\/index.php?rest_route=%2Fwp%2Fv2%2Fcomments&post=108"}],"version-history":[{"count":5,"href":"http:\/\/afpq03.ca\/index.php?rest_route=\/wp\/v2\/pages\/108\/revisions"}],"predecessor-version":[{"id":996,"href":"http:\/\/afpq03.ca\/index.php?rest_route=\/wp\/v2\/pages\/108\/revisions\/996"}],"wp:attachment":[{"href":"http:\/\/afpq03.ca\/index.php?rest_route=%2Fwp%2Fv2%2Fmedia&parent=108"}],"curies":[{"name":"wp","href":"https:\/\/api.w.org\/{rel}","templated":true}]}}